{"id":37,"date":"2018-05-20T11:01:09","date_gmt":"2018-05-20T11:01:09","guid":{"rendered":"http:\/\/carekompetenz.de\/?page_id=37"},"modified":"2021-04-11T09:09:46","modified_gmt":"2021-04-11T09:09:46","slug":"datenschutzbeauftragter","status":"publish","type":"page","link":"https:\/\/carekompetenz.de\/?page_id=37","title":{"rendered":"Datenschutz"},"content":{"rendered":"<p style=\"text-align: center;\">Gem\u00e4\u00df Art. 37 Abs. 7 DSGVO (Datenschutzgrundverordnung)<br \/>\nver\u00f6ffentlichen wir hiermit unsere Datenschutzbeauftragte<br \/>\nmit den Kontaktdaten:<\/p>\n<p style=\"text-align: center;\"><strong>Christin Fels<\/strong><\/p>\n<p style=\"text-align: center;\">medvia UG<br \/>\nSteinfeldstra\u00dfe 3<br \/>\n39179 Barleben<br \/>\ndatenschutz@medvia.de<br \/>\nwww.medvia.de<\/p>\n<p><img loading=\"lazy\" decoding=\"async\" class=\"alignnone size-full wp-image-40 aligncenter\" src=\"https:\/\/carekompetenz.de\/wp-content\/uploads\/2018\/05\/BVD-Mitglied.png\" alt=\"\" width=\"185\" height=\"179\" \/><\/p>\n","protected":false},"excerpt":{"rendered":"<p>Gem\u00e4\u00df Art. 37 Abs. 7 DSGVO (Datenschutzgrundverordnung) ver\u00f6ffentlichen wir hiermit unsere Datenschutzbeauftragte mit den Kontaktdaten: Christin Fels medvia UG Steinfeldstra\u00dfe 3 39179 Barleben datenschutz@medvia.de www.medvia.de<\/p>\n","protected":false},"author":2,"featured_media":0,"parent":0,"menu_order":0,"comment_status":"closed","ping_status":"closed","template":"","meta":{"footnotes":""},"class_list":["post-37","page","type-page","status-publish","hentry"],"_links":{"self":[{"href":"https:\/\/carekompetenz.de\/index.php?rest_route=\/wp\/v2\/pages\/37","targetHints":{"allow":["GET"]}}],"collection":[{"href":"https:\/\/carekompetenz.de\/index.php?rest_route=\/wp\/v2\/pages"}],"about":[{"href":"https:\/\/carekompetenz.de\/index.php?rest_route=\/wp\/v2\/types\/page"}],"author":[{"embeddable":true,"href":"https:\/\/carekompetenz.de\/index.php?rest_route=\/wp\/v2\/users\/2"}],"replies":[{"embeddable":true,"href":"https:\/\/carekompetenz.de\/index.php?rest_route=%2Fwp%2Fv2%2Fcomments&post=37"}],"version-history":[{"count":6,"href":"https:\/\/carekompetenz.de\/index.php?rest_route=\/wp\/v2\/pages\/37\/revisions"}],"predecessor-version":[{"id":334,"href":"https:\/\/carekompetenz.de\/index.php?rest_route=\/wp\/v2\/pages\/37\/revisions\/334"}],"wp:attachment":[{"href":"https:\/\/carekompetenz.de\/index.php?rest_route=%2Fwp%2Fv2%2Fmedia&parent=37"}],"curies":[{"name":"wp","href":"https:\/\/api.w.org\/{rel}","templated":true}]}}