{"id":363,"date":"2025-06-14T10:40:22","date_gmt":"2025-06-14T10:40:22","guid":{"rendered":"https:\/\/carekompetenz.de\/?page_id=363"},"modified":"2025-06-14T10:40:22","modified_gmt":"2025-06-14T10:40:22","slug":"aquion-aktivwasser","status":"publish","type":"page","link":"https:\/\/carekompetenz.de\/?page_id=363","title":{"rendered":"Aquion-Aktivwasser"},"content":{"rendered":"\n<p>Wir haben es uns zur Aufgabe gemacht Menschen, die durch eine Krankheit eine besondere Versorgung ben\u00f6tigen zu versorgen und zu unterst\u00fctzen.<\/p>\n\n\n\n<p>Aber mir pers\u00f6nlich wird das Thema Pr\u00e4vention immer wichtiger, deshalb besch\u00e4ftige ich mich viel mit M\u00f6glichkeiten, wie ich Menschen beim gesund bleiben unterst\u00fctzen kann.<\/p>\n\n\n\n<p>Gesund Essen ist in aller Munde, aber gesund trinken??<\/p>\n\n\n\n<p>Wer Interesse hat hier mehr zu erfahren bitte auf den Link dr\u00fccken, Sie werden dann auf meine Homepage weitergeleitet.<\/p>\n\n\n\n<p><a href=\"https:\/\/aquion.de\/teampartner\/barbara-spandau\"><strong>Barbara Spandau &#8211; Aquion Teampartner<\/strong><\/a><\/p>\n\n\n\n<p>Bei weiteren Fragen, bitte direkt bei mir melden, ich berate Sie sehr gerne umfassend und kompetent.<\/p>\n\n\n\n<p>0176.61727965<\/p>\n\n\n\n<p><\/p>\n\n\n\n<p>Ihre B.Spndau<\/p>\n\n\n\n<p><\/p>\n","protected":false},"excerpt":{"rendered":"<p>Wir haben es uns zur Aufgabe gemacht Menschen, die durch eine Krankheit eine besondere Versorgung ben\u00f6tigen zu versorgen und zu unterst\u00fctzen. Aber mir pers\u00f6nlich wird das Thema Pr\u00e4vention immer wichtiger, deshalb besch\u00e4ftige ich mich viel mit M\u00f6glichkeiten, wie ich Menschen beim gesund bleiben unterst\u00fctzen kann. Gesund Essen ist in aller Munde, aber gesund trinken?? Wer &hellip; <\/p>\n<p class=\"link-more\"><a href=\"https:\/\/carekompetenz.de\/?page_id=363\" class=\"more-link\"><span class=\"screen-reader-text\">\u201eAquion-Aktivwasser\u201c<\/span> weiterlesen<\/a><\/p>\n","protected":false},"author":1,"featured_media":364,"parent":0,"menu_order":1,"comment_status":"closed","ping_status":"closed","template":"","meta":{"footnotes":""},"class_list":["post-363","page","type-page","status-publish","has-post-thumbnail","hentry"],"_links":{"self":[{"href":"https:\/\/carekompetenz.de\/index.php?rest_route=\/wp\/v2\/pages\/363","targetHints":{"allow":["GET"]}}],"collection":[{"href":"https:\/\/carekompetenz.de\/index.php?rest_route=\/wp\/v2\/pages"}],"about":[{"href":"https:\/\/carekompetenz.de\/index.php?rest_route=\/wp\/v2\/types\/page"}],"author":[{"embeddable":true,"href":"https:\/\/carekompetenz.de\/index.php?rest_route=\/wp\/v2\/users\/1"}],"replies":[{"embeddable":true,"href":"https:\/\/carekompetenz.de\/index.php?rest_route=%2Fwp%2Fv2%2Fcomments&post=363"}],"version-history":[{"count":1,"href":"https:\/\/carekompetenz.de\/index.php?rest_route=\/wp\/v2\/pages\/363\/revisions"}],"predecessor-version":[{"id":365,"href":"https:\/\/carekompetenz.de\/index.php?rest_route=\/wp\/v2\/pages\/363\/revisions\/365"}],"wp:featuredmedia":[{"embeddable":true,"href":"https:\/\/carekompetenz.de\/index.php?rest_route=\/wp\/v2\/media\/364"}],"wp:attachment":[{"href":"https:\/\/carekompetenz.de\/index.php?rest_route=%2Fwp%2Fv2%2Fmedia&parent=363"}],"curies":[{"name":"wp","href":"https:\/\/api.w.org\/{rel}","templated":true}]}}