{"id":27,"date":"2018-05-21T10:55:31","date_gmt":"2018-05-21T10:55:31","guid":{"rendered":"http:\/\/carekompetenz.de\/?page_id=27"},"modified":"2019-11-20T16:49:07","modified_gmt":"2019-11-20T16:49:07","slug":"kurzdarm-care","status":"publish","type":"page","link":"https:\/\/carekompetenz.de\/?page_id=27","title":{"rendered":"Kurzdarm-Care"},"content":{"rendered":"<h2>Kurzdarm-Care<\/h2>\n<p>Wir sind Ihr Ansprechpartner bei Fragen rund um komplexe Ern\u00e4hrungstherapien bei chronischen Erkrankungen.<\/p>\n<p>Die professionelle Koordination von komplexen Ern\u00e4hrungstherapien ab dem 1. Therapietag entlastet Patienten, \u00c4rzte und Kliniken. Beratung und Schulung der Netzwerkpartner, Hausbesuche und die telefonische Erreichbarkeit geben den Betroffenen und Ihren Angeh\u00f6rigen Sicherheit und Vertrauen.<\/p>\n<p>CareKompetenz BS<\/p>\n<ul>\n<li style=\"list-style-type: none;\">\n<ul>\n<li>koordiniert die Versorgung, wenn Sie zu Hause eine komplexe Ern\u00e4hrungstherapie ben\u00f6tigen.<\/li>\n<li>begleitet Patienten in Verbindung mit einer \u00e4rztlich verordneten Therapie nach der Krankenhausentlassung im h\u00e4uslichen Bereich oder in Pflege- und Altenheimen.<\/li>\n<li>ber\u00e4t Patienten, \u00c4rzte, Angeh\u00f6rige und Pflegekr\u00e4fte bei der Auswahl der individuell passenden Hilfsmittel, Verbandmitteln und erforderlichen Komponenten einer ad\u00e4quaten Ern\u00e4hrungstherapie .<\/li>\n<li>arbeitet eng mit \u00c4rzten, Angeh\u00f6rigen und der Pflege zusammen.<\/li>\n<\/ul>\n<\/li>\n<\/ul>\n","protected":false},"excerpt":{"rendered":"<p>Kurzdarm-Care Wir sind Ihr Ansprechpartner bei Fragen rund um komplexe Ern\u00e4hrungstherapien bei chronischen Erkrankungen. Die professionelle Koordination von komplexen Ern\u00e4hrungstherapien ab dem 1. Therapietag entlastet Patienten, \u00c4rzte und Kliniken. Beratung und Schulung der Netzwerkpartner, Hausbesuche und die telefonische Erreichbarkeit geben den Betroffenen und Ihren Angeh\u00f6rigen Sicherheit und Vertrauen. CareKompetenz BS koordiniert die Versorgung, wenn Sie &hellip; <\/p>\n<p class=\"link-more\"><a href=\"https:\/\/carekompetenz.de\/?page_id=27\" class=\"more-link\"><span class=\"screen-reader-text\">\u201eKurzdarm-Care\u201c<\/span> weiterlesen<\/a><\/p>\n","protected":false},"author":1,"featured_media":0,"parent":0,"menu_order":0,"comment_status":"closed","ping_status":"closed","template":"","meta":{"footnotes":""},"class_list":["post-27","page","type-page","status-publish","hentry"],"_links":{"self":[{"href":"https:\/\/carekompetenz.de\/index.php?rest_route=\/wp\/v2\/pages\/27","targetHints":{"allow":["GET"]}}],"collection":[{"href":"https:\/\/carekompetenz.de\/index.php?rest_route=\/wp\/v2\/pages"}],"about":[{"href":"https:\/\/carekompetenz.de\/index.php?rest_route=\/wp\/v2\/types\/page"}],"author":[{"embeddable":true,"href":"https:\/\/carekompetenz.de\/index.php?rest_route=\/wp\/v2\/users\/1"}],"replies":[{"embeddable":true,"href":"https:\/\/carekompetenz.de\/index.php?rest_route=%2Fwp%2Fv2%2Fcomments&post=27"}],"version-history":[{"count":13,"href":"https:\/\/carekompetenz.de\/index.php?rest_route=\/wp\/v2\/pages\/27\/revisions"}],"predecessor-version":[{"id":289,"href":"https:\/\/carekompetenz.de\/index.php?rest_route=\/wp\/v2\/pages\/27\/revisions\/289"}],"wp:attachment":[{"href":"https:\/\/carekompetenz.de\/index.php?rest_route=%2Fwp%2Fv2%2Fmedia&parent=27"}],"curies":[{"name":"wp","href":"https:\/\/api.w.org\/{rel}","templated":true}]}}