{"id":26,"date":"2018-05-21T10:55:31","date_gmt":"2018-05-21T10:55:31","guid":{"rendered":"http:\/\/carekompetenz.de\/?page_id=26"},"modified":"2019-11-20T17:10:07","modified_gmt":"2019-11-20T17:10:07","slug":"palliativ-kompetenz","status":"publish","type":"page","link":"https:\/\/carekompetenz.de\/?page_id=26","title":{"rendered":"Palliativ-Kompetenz"},"content":{"rendered":"\n<p><\/p>\n\n\n\n<div class=\"wp-block-group\"><div class=\"wp-block-group__inner-container is-layout-flow wp-block-group-is-layout-flow\">\n<h2>Palliativ-Kompetenz<\/h2>\n<p>Palliativ-Kompetenz ist unser langj\u00e4hrig bew\u00e4hrtes Schulungs- und Vortragsangebot f\u00fcr Pflegekr\u00e4fte, \u00c4rzte, Apotheker, Sozialarbeiter und Ehrenamtliche zu den Themen rund um die Palliativversorgung, Symptomkontrolle und Schmerztherapie.<\/p>\n<p>Unsere Seminare vermitteln die Themen praxisnah und lebendig, um die zuk\u00fcnftigen Herausforderungen in der Pflege von alten, schwerkranken und dementen Menschen bew\u00e4ltigen zu k\u00f6nnen.<\/p>\n<p>Bitte fragen Sie nach Ihrem pers\u00f6nlichen, auf Ihre Einrichtung abgestimmten Konzept.<\/p>\n<\/div><\/div>\n\n\n\n<h2 class=\"wp-block-heading\">Vorschl\u00e4ge f\u00fcr Seminare und Projekte<\/h2>\n\n\n\n<h3 class=\"wp-block-heading\">Palliative-Care in der Pflege (Grundlagen-Seminar)<\/h3>\n\n\n\n<p>Eine Inhouse-Schulung f\u00fcr das ganze Team. Aufgeteilt in vier Themenbl\u00f6cke \u00e0 90 Minuten. Geeignet als Ganztagsschulung oder aufgeteilt in zwei Nachmittagsbl\u00f6cke. <\/p>\n\n\n\n<h3 class=\"wp-block-heading\">Aufbau: (Vortragsthemen von jeweils 90 Minuten)<\/h3>\n\n\n\n<ul class=\"wp-block-list\"><li>Schmerztherapie (Vertiefung)<\/li><li>Schmerzerfassung<\/li><li>Schmerzerfassung bei Demenz<\/li><li>Kommunikation mit dem Arzt<\/li><li>Kommunikation mit Angeh\u00f6rigen und Patienten<\/li><li>Fl\u00fcssigkeit- und Ern\u00e4hrungsmanagement&nbsp;<\/li><li>uvm.<\/li><\/ul>\n\n\n\n<h3 class=\"wp-block-heading\">Spezielle Seminar-Themen<\/h3>\n\n\n\n<ul class=\"wp-block-list\"><li>Implementierung Expertenstandards akuter und chronischer Schmerz<\/li><li>Schmerztherapie in der P\u00e4diatrie<\/li><li>Palliativversorgung f\u00fcr Menschen mit einer geistigen und\/oder k\u00f6rperlichen Einschr\u00e4nkung<\/li><li>Portschulungen<\/li><\/ul>\n\n\n\n<h3 class=\"wp-block-heading\">Projekte<\/h3>\n\n\n\n<p>Verbesserung der Palliativversorgung im station\u00e4ren Bereich durch: <\/p>\n\n\n\n<ul class=\"wp-block-list\"><li>Soll-Ist-Analysen<\/li><li>Mitarbeiterbefragungen<\/li><li>Verbesserung der fachlichen Kompetenz durch individuell angepasste Schulungseinheiten<\/li><li>Begleitung und Beratung der Leitungseben<\/li><li>Implementierung einer palliativen Struktur, die den gesetzlichen Anforderungen entspricht<\/li><li>Begleitung von AAPV und SAPV-Strukturen in der Gr\u00fcndung und\/oder in Umbruchsituationen<\/li><li>Implementierung von Expertenstandards, damit diese auch gelebt werden k\u00f6nnen<\/li><\/ul>\n\n\n\n<h2 class=\"has-text-align-left wp-block-heading\"><br>Unser Ziel ist, ein speziell auf Ihre Einrichtung und Bed\u00fcrfnisse abgestimmtes Konzept zu entwickeln! <\/h2>\n","protected":false},"excerpt":{"rendered":"<p>Palliativ-Kompetenz Palliativ-Kompetenz ist unser langj\u00e4hrig bew\u00e4hrtes Schulungs- und Vortragsangebot f\u00fcr Pflegekr\u00e4fte, \u00c4rzte, Apotheker, Sozialarbeiter und Ehrenamtliche zu den Themen rund um die Palliativversorgung, Symptomkontrolle und Schmerztherapie. Unsere Seminare vermitteln die Themen praxisnah und lebendig, um die zuk\u00fcnftigen Herausforderungen in der Pflege von alten, schwerkranken und dementen Menschen bew\u00e4ltigen zu k\u00f6nnen. Bitte fragen Sie nach Ihrem &hellip; <\/p>\n<p class=\"link-more\"><a href=\"https:\/\/carekompetenz.de\/?page_id=26\" class=\"more-link\"><span class=\"screen-reader-text\">\u201ePalliativ-Kompetenz\u201c<\/span> weiterlesen<\/a><\/p>\n","protected":false},"author":1,"featured_media":0,"parent":0,"menu_order":0,"comment_status":"closed","ping_status":"closed","template":"","meta":{"footnotes":""},"class_list":["post-26","page","type-page","status-publish","hentry"],"_links":{"self":[{"href":"https:\/\/carekompetenz.de\/index.php?rest_route=\/wp\/v2\/pages\/26","targetHints":{"allow":["GET"]}}],"collection":[{"href":"https:\/\/carekompetenz.de\/index.php?rest_route=\/wp\/v2\/pages"}],"about":[{"href":"https:\/\/carekompetenz.de\/index.php?rest_route=\/wp\/v2\/types\/page"}],"author":[{"embeddable":true,"href":"https:\/\/carekompetenz.de\/index.php?rest_route=\/wp\/v2\/users\/1"}],"replies":[{"embeddable":true,"href":"https:\/\/carekompetenz.de\/index.php?rest_route=%2Fwp%2Fv2%2Fcomments&post=26"}],"version-history":[{"count":22,"href":"https:\/\/carekompetenz.de\/index.php?rest_route=\/wp\/v2\/pages\/26\/revisions"}],"predecessor-version":[{"id":273,"href":"https:\/\/carekompetenz.de\/index.php?rest_route=\/wp\/v2\/pages\/26\/revisions\/273"}],"wp:attachment":[{"href":"https:\/\/carekompetenz.de\/index.php?rest_route=%2Fwp%2Fv2%2Fmedia&parent=26"}],"curies":[{"name":"wp","href":"https:\/\/api.w.org\/{rel}","templated":true}]}}