{"id":23,"date":"2018-05-21T10:55:31","date_gmt":"2018-05-21T10:55:31","guid":{"rendered":"http:\/\/carekompetenz.de\/?page_id=23"},"modified":"2020-06-14T10:46:17","modified_gmt":"2020-06-14T10:46:17","slug":"advance-care","status":"publish","type":"page","link":"https:\/\/carekompetenz.de\/?page_id=23","title":{"rendered":"Advance-Care"},"content":{"rendered":"\n<figure class=\"wp-block-image size-large\"><img loading=\"lazy\" decoding=\"async\" width=\"1024\" height=\"766\" src=\"https:\/\/carekompetenz.de\/wp-content\/uploads\/2020\/06\/AdobeStock_319898297-1-1024x766.jpeg\" alt=\"\" class=\"wp-image-286\" srcset=\"https:\/\/carekompetenz.de\/wp-content\/uploads\/2020\/06\/AdobeStock_319898297-1-1024x766.jpeg 1024w, https:\/\/carekompetenz.de\/wp-content\/uploads\/2020\/06\/AdobeStock_319898297-1-300x224.jpeg 300w, https:\/\/carekompetenz.de\/wp-content\/uploads\/2020\/06\/AdobeStock_319898297-1-768x575.jpeg 768w, https:\/\/carekompetenz.de\/wp-content\/uploads\/2020\/06\/AdobeStock_319898297-1-1536x1149.jpeg 1536w, https:\/\/carekompetenz.de\/wp-content\/uploads\/2020\/06\/AdobeStock_319898297-1-2048x1532.jpeg 2048w\" sizes=\"auto, (max-width: 767px) 89vw, (max-width: 1000px) 54vw, (max-width: 1071px) 543px, 580px\" \/><figcaption>Individuelle und pers\u00f6nliche Beratung <\/figcaption><\/figure>\n\n\n<h2>Advance-Care<\/h2>\n<p>Advance-Care-Planning wird im Deutschen als &#8222;Behandlung im Voraus planen&#8220; (BVP) oder auch &#8222;gesundheitliche Versorgungsplanung&#8220; (GVP) \u00fcbersetzt.<\/p>\n<p>Nach dem neuen Hospiz &#8211; und Palliativgesetz kann seit dem 01.01.2018 in Pflegeheimen und station\u00e4ren Einrichtungen der Behindertenhilfe dieses Gespr\u00e4chsangebot \u00fcber die Krankenkassen abgerechnet werden.<\/p>\n<p>Daf\u00fcr ben\u00f6tigt die Einrichtung speziell ausgebildete und zertifizierte Gespr\u00e4chsbegleiter.<\/p>\n<p>Wir bieten Beratungen, Schulungen und Projekte rund um das Thema Advance-Care-Planning an.<\/p>\n<p>Als ausgebildete Gespr\u00e4chsbegleiterin und Trainerin bei der DIV-BVP bietet Barbara Spandau diese Leistung f\u00fcr station\u00e4re Einrichtungen als Kooperationsangebot an.<\/p>\n<p>Au\u00dferdem k\u00f6nnen auch interessierte Personen gerne ein Gespr\u00e4ch \u00fcber Ihre pers\u00f6nliche Versorgungsplanung erhalten.<\/p>\n<p>Kontaktieren Sie uns.<\/p>\n<p>Gerne machen wir Ihnen ein individuelles Angebot.<\/p>\n<div class=\"wpforms-container wpforms-container-full\" id=\"wpforms-89\"><form id=\"wpforms-form-89\" class=\"wpforms-validate wpforms-form\" data-formid=\"89\" method=\"post\" enctype=\"multipart\/form-data\" action=\"\/index.php?rest_route=%2Fwp%2Fv2%2Fpages%2F23\" data-token=\"c1a27bbd9f563a2294a8a436e6e94094\" data-token-time=\"1776655428\"><noscript class=\"wpforms-error-noscript\">Bitte aktiviere JavaScript in deinem Browser, um dieses Formular fertigzustellen.<\/noscript><div class=\"wpforms-field-container\"><div id=\"wpforms-89-field_0-container\" class=\"wpforms-field wpforms-field-name\" data-field-id=\"0\"><label class=\"wpforms-field-label\" for=\"wpforms-89-field_0\">Name <span class=\"wpforms-required-label\">*<\/span><\/label><input type=\"text\" id=\"wpforms-89-field_0\" class=\"wpforms-field-medium wpforms-field-required\" name=\"wpforms[fields][0]\" required><\/div><div id=\"wpforms-89-field_1-container\" class=\"wpforms-field wpforms-field-email\" data-field-id=\"1\"><label class=\"wpforms-field-label\" for=\"wpforms-89-field_1\">E-Mail-Adresse <span class=\"wpforms-required-label\">*<\/span><\/label><input type=\"email\" id=\"wpforms-89-field_1\" class=\"wpforms-field-medium wpforms-field-required\" name=\"wpforms[fields][1]\" spellcheck=\"false\" required><\/div><div id=\"wpforms-89-field_2-container\" class=\"wpforms-field wpforms-field-textarea\" data-field-id=\"2\"><label class=\"wpforms-field-label\" for=\"wpforms-89-field_2\">Kommentar oder Nachricht <span class=\"wpforms-required-label\">*<\/span><\/label><textarea id=\"wpforms-89-field_2\" class=\"wpforms-field-medium wpforms-field-required\" name=\"wpforms[fields][2]\" required><\/textarea><\/div><\/div><!-- .wpforms-field-container --><div class=\"wpforms-field wpforms-field-hp\"><label for=\"wpforms-89-field-hp\" class=\"wpforms-field-label\">Phone<\/label><input type=\"text\" name=\"wpforms[hp]\" id=\"wpforms-89-field-hp\" class=\"wpforms-field-medium\"><\/div><div class=\"wpforms-submit-container\" ><input type=\"hidden\" name=\"wpforms[id]\" value=\"89\"><input type=\"hidden\" name=\"page_title\" value=\"\"><input type=\"hidden\" name=\"page_url\" value=\"https:\/\/carekompetenz.de\/index.php?rest_route=\/wp\/v2\/pages\/23\"><input type=\"hidden\" name=\"url_referer\" value=\"\"><button type=\"submit\" name=\"wpforms[submit]\" id=\"wpforms-submit-89\" class=\"wpforms-submit\" data-alt-text=\"Sende...\" data-submit-text=\"Senden\" aria-live=\"assertive\" value=\"wpforms-submit\">Senden<\/button><\/div><\/form><\/div>  <!-- .wpforms-container -->\n\n\n<p><\/p>\n","protected":false},"excerpt":{"rendered":"<p>Advance-Care Advance-Care-Planning wird im Deutschen als &#8222;Behandlung im Voraus planen&#8220; (BVP) oder auch &#8222;gesundheitliche Versorgungsplanung&#8220; (GVP) \u00fcbersetzt. Nach dem neuen Hospiz &#8211; und Palliativgesetz kann seit dem 01.01.2018 in Pflegeheimen und station\u00e4ren Einrichtungen der Behindertenhilfe dieses Gespr\u00e4chsangebot \u00fcber die Krankenkassen abgerechnet werden. Daf\u00fcr ben\u00f6tigt die Einrichtung speziell ausgebildete und zertifizierte Gespr\u00e4chsbegleiter. Wir bieten Beratungen, Schulungen &hellip; <\/p>\n<p class=\"link-more\"><a href=\"https:\/\/carekompetenz.de\/?page_id=23\" class=\"more-link\"><span class=\"screen-reader-text\">\u201eAdvance-Care\u201c<\/span> weiterlesen<\/a><\/p>\n","protected":false},"author":1,"featured_media":0,"parent":0,"menu_order":0,"comment_status":"closed","ping_status":"closed","template":"","meta":{"footnotes":""},"class_list":["post-23","page","type-page","status-publish","hentry"],"_links":{"self":[{"href":"https:\/\/carekompetenz.de\/index.php?rest_route=\/wp\/v2\/pages\/23","targetHints":{"allow":["GET"]}}],"collection":[{"href":"https:\/\/carekompetenz.de\/index.php?rest_route=\/wp\/v2\/pages"}],"about":[{"href":"https:\/\/carekompetenz.de\/index.php?rest_route=\/wp\/v2\/types\/page"}],"author":[{"embeddable":true,"href":"https:\/\/carekompetenz.de\/index.php?rest_route=\/wp\/v2\/users\/1"}],"replies":[{"embeddable":true,"href":"https:\/\/carekompetenz.de\/index.php?rest_route=%2Fwp%2Fv2%2Fcomments&post=23"}],"version-history":[{"count":15,"href":"https:\/\/carekompetenz.de\/index.php?rest_route=\/wp\/v2\/pages\/23\/revisions"}],"predecessor-version":[{"id":288,"href":"https:\/\/carekompetenz.de\/index.php?rest_route=\/wp\/v2\/pages\/23\/revisions\/288"}],"wp:attachment":[{"href":"https:\/\/carekompetenz.de\/index.php?rest_route=%2Fwp%2Fv2%2Fmedia&parent=23"}],"curies":[{"name":"wp","href":"https:\/\/api.w.org\/{rel}","templated":true}]}}