{"id":144,"date":"2019-01-28T11:32:43","date_gmt":"2019-01-28T11:32:43","guid":{"rendered":"http:\/\/carekompetenz.de\/?page_id=144"},"modified":"2025-06-14T10:29:01","modified_gmt":"2025-06-14T10:29:01","slug":"home","status":"publish","type":"page","link":"https:\/\/carekompetenz.de\/","title":{"rendered":"CareKompetenz BS"},"content":{"rendered":"\n<div class=\"wp-block-group is-content-justification-space-between is-nowrap is-layout-flex wp-container-core-group-is-layout-0dfbf163 wp-block-group-is-layout-flex\">\n<h2 class=\"wp-block-heading\">Herzlich Willkommen bei<br>CareKompetenz BS<\/h2>\n\n\n\n<figure class=\"wp-block-image size-full is-resized\"><img loading=\"lazy\" decoding=\"async\" width=\"123\" height=\"125\" src=\"https:\/\/carekompetenz.de\/wp-content\/uploads\/2025\/06\/DISQTrust-Siegel_Service-Champion_CareKompetenz-BS-GmbH_mini-1.png\" alt=\"\" class=\"wp-image-348\" style=\"width:190px;height:auto\"\/><\/figure>\n<\/div>\n\n\n\n<p><strong>F\u00fcrsorge, die ankommt. Kompetenz, die Vertrauen schafft.<\/strong><\/p>\n\n\n\n<p><strong>CareKompetenz wurde als <em>Service-Champion<\/em> ausgezeichnet \u2013 ein Zeichen daf\u00fcr, dass echte Menschlichkeit, Verl\u00e4sslichkeit und Qualit\u00e4t bei uns an erster Stelle stehen.<\/strong><\/p>\n\n\n\n<p><br>Seit 2018 begleiten wir Menschen mit komplexem Versorgungsbedarf nicht nur fachlich \u2013 sondern mit Herz, N\u00e4he und Respekt. Ob bei Kurzdarmsyndrom, in palliativen Lebensphasen oder bei besonderen Ern\u00e4hrungssituationen:<\/p>\n\n\n\n<p><strong>Wir stehen an Ihrer Seite \u2013 individuell, empathisch und kompetent.<\/strong><\/p>\n\n\n\n<p>Wir sind ein kleines Team mit hochqualifizierten Mitarbeitern, das die pers\u00f6nliche Betreuung und die individuelle Versorgung jedes Einzelnen als gemeinsames Ziel hat.<\/p>\n\n\n\n<p>Unser Wissen, unsere Erfahrungen und unsere langj\u00e4hrige Kompetenz wollen wir daf\u00fcr einsetzen, um unsere Patienten bestm\u00f6glich zu versorgen. So wie unsere Kooperationspartner und Kunden in ihren t\u00e4glichen Herausforderungen zu unterst\u00fctzen, zu beraten und zu schulen.<\/p>\n\n\n\n<p>Wir wollen Sie als Kunden so unterst\u00fctzen, das Sie an <strong>Ihr<\/strong> Ziel kommen \u2026 egal ob als Patient, Pflegeeinrichtung, Sozialdienst, Krankenhaus, Arzt oder Akademie.<\/p>\n\n\n\n<p>CareKompetenz  BS<\/p>\n\n\n\n<ul class=\"wp-block-list\">\n<li><strong>ber\u00e4t<\/strong> Interessierte, Patienten, Pflegefachkr\u00e4fte, \u00c4rzte und alle Pflegeeinrichtungen im Bereich Advance-Care-Planning<\/li>\n\n\n\n<li><strong>schult<\/strong> zu allen Themen rund um die Palliativversorgung, Schmerztherapie und individuellen Wunsch-Inhalten.<\/li>\n\n\n\n<li><strong>koordiniert<\/strong> die Versorgung, wenn Sie zu Hause eine komplexe Ern\u00e4hrungstherapie ben\u00f6tigen.<\/li>\n<\/ul>\n\n\n\n<p>Wir haben drei T\u00e4tigkeitsschwerpunkte auf die wir uns konzentrieren:<\/p>\n\n\n\n<ul class=\"wp-block-list\">\n<li><strong>Kurzdarm-Care<\/strong> <\/li>\n\n\n\n<li><strong>Palliativ-Kompetenz und <\/strong><\/li>\n\n\n\n<li><strong>Advance Care<\/strong> <\/li>\n<\/ul>\n\n\n\n<h3 class=\"wp-block-heading\">Unser Hauptziel<\/h3>\n\n\n\n<p>Wir m\u00f6chten, das Sie sich bei uns in guten H\u00e4nden wissen. Ihr Vertrauen ist unser Ansporn!<\/p>\n\n\n\n<div class=\"wp-block-group\"><div class=\"wp-block-group__inner-container is-layout-flow wp-block-group-is-layout-flow\">\n<p>I<strong>hr direkter Draht zu uns: 0176.61727965<\/strong><\/p>\n\n\n\n<p>Ihre Barbara Spandau<\/p>\n<\/div><\/div>\n\n\n\n<p><\/p>\n","protected":false},"excerpt":{"rendered":"<p>Herzlich Willkommen beiCareKompetenz BS F\u00fcrsorge, die ankommt. Kompetenz, die Vertrauen schafft. CareKompetenz wurde als Service-Champion ausgezeichnet \u2013 ein Zeichen daf\u00fcr, dass echte Menschlichkeit, Verl\u00e4sslichkeit und Qualit\u00e4t bei uns an erster Stelle stehen. Seit 2018 begleiten wir Menschen mit komplexem Versorgungsbedarf nicht nur fachlich \u2013 sondern mit Herz, N\u00e4he und Respekt. Ob bei Kurzdarmsyndrom, in palliativen &hellip; <\/p>\n<p class=\"link-more\"><a href=\"https:\/\/carekompetenz.de\/\" class=\"more-link\"><span class=\"screen-reader-text\">\u201eCareKompetenz BS\u201c<\/span> weiterlesen<\/a><\/p>\n","protected":false},"author":2,"featured_media":201,"parent":0,"menu_order":0,"comment_status":"closed","ping_status":"closed","template":"","meta":{"footnotes":""},"class_list":["post-144","page","type-page","status-publish","has-post-thumbnail","hentry"],"_links":{"self":[{"href":"https:\/\/carekompetenz.de\/index.php?rest_route=\/wp\/v2\/pages\/144","targetHints":{"allow":["GET"]}}],"collection":[{"href":"https:\/\/carekompetenz.de\/index.php?rest_route=\/wp\/v2\/pages"}],"about":[{"href":"https:\/\/carekompetenz.de\/index.php?rest_route=\/wp\/v2\/types\/page"}],"author":[{"embeddable":true,"href":"https:\/\/carekompetenz.de\/index.php?rest_route=\/wp\/v2\/users\/2"}],"replies":[{"embeddable":true,"href":"https:\/\/carekompetenz.de\/index.php?rest_route=%2Fwp%2Fv2%2Fcomments&post=144"}],"version-history":[{"count":24,"href":"https:\/\/carekompetenz.de\/index.php?rest_route=\/wp\/v2\/pages\/144\/revisions"}],"predecessor-version":[{"id":352,"href":"https:\/\/carekompetenz.de\/index.php?rest_route=\/wp\/v2\/pages\/144\/revisions\/352"}],"wp:featuredmedia":[{"embeddable":true,"href":"https:\/\/carekompetenz.de\/index.php?rest_route=\/wp\/v2\/media\/201"}],"wp:attachment":[{"href":"https:\/\/carekompetenz.de\/index.php?rest_route=%2Fwp%2Fv2%2Fmedia&parent=144"}],"curies":[{"name":"wp","href":"https:\/\/api.w.org\/{rel}","templated":true}]}}