{"id":134,"date":"2019-02-04T10:48:57","date_gmt":"2019-02-04T10:48:57","guid":{"rendered":"http:\/\/carekompetenz.de\/?page_id=134"},"modified":"2025-10-19T14:16:27","modified_gmt":"2025-10-19T14:16:27","slug":"das-team","status":"publish","type":"page","link":"https:\/\/carekompetenz.de\/?page_id=134","title":{"rendered":"Das Team"},"content":{"rendered":"\n<h2 class=\"wp-block-heading\"><strong>Barbara Spandau<\/strong><\/h2>\n\n\n\n<figure class=\"wp-block-image is-resized\"><img loading=\"lazy\" decoding=\"async\" width=\"960\" height=\"960\" src=\"https:\/\/carekompetenz.de\/wp-content\/uploads\/2019\/01\/Bild-Barbara-bearbeitet.jpg\" alt=\"Foto von Barbara Spandau\" class=\"wp-image-119\" style=\"width:358px;height:358px\" srcset=\"https:\/\/carekompetenz.de\/wp-content\/uploads\/2019\/01\/Bild-Barbara-bearbeitet.jpg 960w, https:\/\/carekompetenz.de\/wp-content\/uploads\/2019\/01\/Bild-Barbara-bearbeitet-150x150.jpg 150w, https:\/\/carekompetenz.de\/wp-content\/uploads\/2019\/01\/Bild-Barbara-bearbeitet-300x300.jpg 300w, https:\/\/carekompetenz.de\/wp-content\/uploads\/2019\/01\/Bild-Barbara-bearbeitet-768x768.jpg 768w, https:\/\/carekompetenz.de\/wp-content\/uploads\/2019\/01\/Bild-Barbara-bearbeitet-100x100.jpg 100w\" sizes=\"auto, (max-width: 767px) 89vw, (max-width: 1000px) 54vw, (max-width: 1071px) 543px, 580px\" \/><figcaption class=\"wp-element-caption\">Barbara Spandau bei der Arbeit<\/figcaption><\/figure>\n\n\n\n<h3 class=\"wp-block-heading\">Ausbildung:<\/h3>\n\n\n\n<ul class=\"wp-block-list\">\n<li>Fachwirtin f\u00fcr Kranken- und Altenpflege ( IHK)<\/li>\n\n\n\n<li>Palliativfachkraft<\/li>\n\n\n\n<li>Fach-Kinderkrankenschwester f\u00fcr P\u00e4diatrie<\/li>\n\n\n\n<li>Zertifizierte BVP Gespr\u00e4chsbegleiterin nach \u00a7132g SGB 5<\/li>\n\n\n\n<li>Trainerin f\u00fcr BVP Gespr\u00e4chsbegleiter<\/li>\n<\/ul>\n\n\n\n<h3 class=\"wp-block-heading\">Aufgaben im Team:<\/h3>\n\n\n\n<ul class=\"wp-block-list\">\n<li>Gesch\u00e4ftsf\u00fchrerin und Gr\u00fcnderin der CareKompetenz BS<\/li>\n\n\n\n<li>Patientenkoordination von komplexen Ern\u00e4hrungstherapien bei Kurzdarmsyndrom und onkologischen Erkrankungen<\/li>\n\n\n\n<li>Dozentin und Referentin f\u00fcr Schulungen, In-house Seminare und Vortr\u00e4ge<\/li>\n\n\n\n<li>Projektleitung f\u00fcr Advance-Care-Projekte, SAPV u.v.m.<\/li>\n\n\n\n<li>Gespr\u00e4chsbegleitungen ACP\/BVP<\/li>\n\n\n\n<li>Supervisionen bei Palliativeinrichtungen und Pflegeteams<\/li>\n<\/ul>\n\n\n\n<h3 class=\"wp-block-heading\"> Engagement:<\/h3>\n\n\n\n<ul class=\"wp-block-list\">\n<li>Mitglied Deutsche Gesellschaft f\u00fcr Palliativmedizin (DGP)<\/li>\n\n\n\n<li>Mitglied Deutsche Gesellschaft f\u00fcr Ern\u00e4hrungsmedizin ( DEGM)<\/li>\n\n\n\n<li>Mitglied DIV-BVP e.V<\/li>\n\n\n\n<li>Vorstandsmitglied bei der ambulanten Ethik Beratung ( AEB) des Hospiz- und Palliativnetzwerk Arista gGmbH <\/li>\n<\/ul>\n\n\n\n<h3 class=\"wp-block-heading\">Leitspruch:<\/h3>\n\n\n\n<p>\u201cWir m\u00fcssen alle am gleichen Strang ziehen, und dann noch am selben Ende!\u201c<\/p>\n\n\n\n<h2 class=\"wp-block-heading\"><strong>Weitere Teammitglieder<\/strong><\/h2>\n\n\n\n<p><br> <strong>Manuela Stumpf<\/strong> examinierte Altenpflegerin und Leitung eines ambulanten Pflegedienstes<\/p>\n\n\n\n<p><strong>Natalie Thomas<\/strong>                                                                                                                                                         examinierte Gesundheits- und Krankenpflegerin, langj\u00e4hrige onkologische Erfahrung<\/p>\n\n\n\n<p>In unserer T\u00e4tigkeit als Patientenkoordinatorinnen bei der CareKompetenz BS GmbH&nbsp;betreuen wir Patientinnen mit parenteraler Ern\u00e4hrung in ihrem h\u00e4uslichen Umfeld. Wir sind verantwortlich f\u00fcr die fachgerechte Organisation von komplexen Ern\u00e4hrungstherapien von der Anmeldung, der Aufnahmegespr\u00e4che bis zur Lieferung der notwendigen Ware. Sowie f\u00fcr die individuelle Beratung und Schulung der Patientinnen und Angeh\u00f6rigen und der Pflegedienste im Umgang mit der parenteralen Ern\u00e4hrung.<br><br><strong>Zu unseren Aufgaben geh\u00f6ren:<\/strong><br><br>&#8211; Durchf\u00fchrung von Verbandswechseln und Portnadelwechseln unter aseptischen Bedingungen.<br><br>&#8211; \u00dcberwachung und Unterst\u00fctzung bei der Anwendung der parenteralen Ern\u00e4hrung, inklusive Handling von Infusionssystemen und Ern\u00e4hrungspumpen.<\/p>\n\n\n\n<p>&#8211; Schulung von Pflegediensten und Pflegeheimen <br><br>&#8211; Aufkl\u00e4rung und Schulung der Patient*innen und Angeh\u00f6rigen hinsichtlich Hygienema\u00dfnahmen, Selbstmanagement und Erkennung m\u00f6glicher Komplikationen.<br><br>&#8211; Enge Zusammenarbeit mit \u00c4rzt*innen, Apotheken, Pflegediensten und anderen an der Versorgung beteiligten Fachpersonen.<br><br>&#8211; Dokumentation der durchgef\u00fchrten Ma\u00dfnahmen sowie Beobachtung und Einsch\u00e4tzung des Allgemeinzustands der Patient*innen.<br><br><br><\/p>\n\n\n\n<p><\/p>\n\n\n\n<p><\/p>\n","protected":false},"excerpt":{"rendered":"<p>Barbara Spandau Ausbildung: Aufgaben im Team: Engagement: Leitspruch: \u201cWir m\u00fcssen alle am gleichen Strang ziehen, und dann noch am selben Ende!\u201c Weitere Teammitglieder Manuela Stumpf examinierte Altenpflegerin und Leitung eines ambulanten Pflegedienstes Natalie Thomas examinierte Gesundheits- und Krankenpflegerin, langj\u00e4hrige onkologische Erfahrung In unserer T\u00e4tigkeit als Patientenkoordinatorinnen bei der CareKompetenz BS GmbH&nbsp;betreuen wir Patientinnen mit parenteraler &hellip; <\/p>\n<p class=\"link-more\"><a href=\"https:\/\/carekompetenz.de\/?page_id=134\" class=\"more-link\"><span class=\"screen-reader-text\">\u201eDas Team\u201c<\/span> weiterlesen<\/a><\/p>\n","protected":false},"author":2,"featured_media":0,"parent":0,"menu_order":0,"comment_status":"closed","ping_status":"closed","template":"","meta":{"footnotes":""},"class_list":["post-134","page","type-page","status-publish","hentry"],"_links":{"self":[{"href":"https:\/\/carekompetenz.de\/index.php?rest_route=\/wp\/v2\/pages\/134","targetHints":{"allow":["GET"]}}],"collection":[{"href":"https:\/\/carekompetenz.de\/index.php?rest_route=\/wp\/v2\/pages"}],"about":[{"href":"https:\/\/carekompetenz.de\/index.php?rest_route=\/wp\/v2\/types\/page"}],"author":[{"embeddable":true,"href":"https:\/\/carekompetenz.de\/index.php?rest_route=\/wp\/v2\/users\/2"}],"replies":[{"embeddable":true,"href":"https:\/\/carekompetenz.de\/index.php?rest_route=%2Fwp%2Fv2%2Fcomments&post=134"}],"version-history":[{"count":20,"href":"https:\/\/carekompetenz.de\/index.php?rest_route=\/wp\/v2\/pages\/134\/revisions"}],"predecessor-version":[{"id":368,"href":"https:\/\/carekompetenz.de\/index.php?rest_route=\/wp\/v2\/pages\/134\/revisions\/368"}],"wp:attachment":[{"href":"https:\/\/carekompetenz.de\/index.php?rest_route=%2Fwp%2Fv2%2Fmedia&parent=134"}],"curies":[{"name":"wp","href":"https:\/\/api.w.org\/{rel}","templated":true}]}}